{"id":91,"date":"2020-10-22T21:58:14","date_gmt":"2020-10-22T19:58:14","guid":{"rendered":"https:\/\/shnpb.fr\/?page_id=91"},"modified":"2022-09-01T11:54:33","modified_gmt":"2022-09-01T09:54:33","slug":"qui-sommes-nous","status":"publish","type":"page","link":"https:\/\/shnpb.fr\/index.php\/qui-sommes-nous\/","title":{"rendered":"Qui sommes nous ?"},"content":{"rendered":"\n<p class=\"has-text-align-center\"><strong>Soci\u00e9t\u00e9 Historique de Nogent, le Perreux et Bry-sur-Marne<\/strong><\/p>\n\n\n\n<hr class=\"wp-block-separator has-css-opacity is-style-default\"\/>\n\n\n\n<p>Le si\u00e8ge social est fix\u00e9<\/p>\n\n\n\n<p class=\"has-text-align-center\"><strong>22 rue de la Station, 94170 Le Perreux-sur-Marne<\/strong><\/p>\n\n\n\n<p><em>Immatriculation n\u00b0 IM 094 120001  de la Chambre des Associations (CDA) Saint-Maur-des-Foss\u00e9s<\/em><\/p>\n\n\n\n<hr class=\"wp-block-separator has-css-opacity is-style-default\"\/>\n\n\n\n<hr class=\"wp-block-separator has-css-opacity is-style-default\"\/>\n\n\n\n<hr class=\"wp-block-separator has-css-opacity is-style-default\"\/>\n\n\n\n<p><strong>Constitution du bureau :<\/strong><\/p>\n\n\n\n<figure class=\"wp-block-table\"><table><tbody><tr><td>Pr\u00e9sidente<\/td><td>Mme Nicole RENOLLET<\/td><\/tr><tr><td>Vice-pr\u00e9sidente<\/td><td>MMe Nicole RONDENAY<\/td><\/tr><tr><td>Secr\u00e9taire &#8211; Tr\u00e9sori\u00e8re<\/td><td>MMe Josette HAZARD<\/td><\/tr><\/tbody><\/table><figcaption>Administrateur du site internet : Yves VERGEZ<\/figcaption><\/figure>\n\n\n\n<p><strong>Pr\u00e9sidents d&rsquo;honneur :<\/strong><\/p>\n\n\n\n<figure class=\"wp-block-table\"><table><tbody><tr><td>M. J.JP. MARTIN<\/td><td>Maire de Nogent<\/td><\/tr><tr><td>M. G. CARREZ<\/td><td>D\u00e9put\u00e9<\/td><\/tr><tr><td>Mme C. ROYER<\/td><td>Maire du Perreux<\/td><\/tr><tr><td>M. C. ASLANGUL<\/td><td>Maire de Bry<\/td><\/tr><tr><td>Mme Y. CAYROL<\/td><td><\/td><\/tr><\/tbody><\/table><\/figure>\n\n\n\n<p><strong>Membres d&rsquo;honneur :<\/strong><\/p>\n\n\n\n<figure class=\"wp-block-table\"><table><tbody><tr><td>Mme D. MUNZER<\/td><td>Nogent<\/td><\/tr><tr><td>Mme M. LEVY<\/td><td>Le Perreux<\/td><\/tr><tr><td>Mme V. PRADAL<\/td><td>Bry<\/td><\/tr><\/tbody><\/table><\/figure>\n\n\n\n<hr class=\"wp-block-separator has-css-opacity\"\/>\n\n\n\n<h2 class=\"wp-block-heading\">Historique<\/h2>\n\n\n\n<p>Cliquez ici pour savoir comment est n\u00e9e la Soci\u00e9t\u00e9 Historique : <a href=\"https:\/\/shnpb.fr\/index.php\/historique_de_la_sh\/\" data-type=\"URL\" data-id=\"https:\/\/shnpb.fr\/index.php\/historique_de_la_sh\/\">Historique<\/a><\/p>\n\n\n\n<h2 class=\"wp-block-heading\">Adh\u00e9sion<\/h2>\n\n\n\n<p>Pourquoi nous rejoindre ?<\/p>\n\n\n\n<ul class=\"wp-block-list\"><li>Pour participer \u00e0 la vie de l&rsquo;association, <\/li><li>Assister \u00e0 nos manifestations et visites et b\u00e9n\u00e9ficier de tarifs pr\u00e9f\u00e9rentiels,<\/li><li>Recevoir notre bulletin annuel<\/li><\/ul>\n\n\n\n<p>Nous vous proposons trois types de cotisation, pour une adh\u00e9sion du 1er janvier au 31 d\u00e9cembre :<\/p>\n\n\n\n<ul class=\"wp-block-list\"><li>Membre actif 29\u20ac<\/li><li>Cotisation couple 52\u20ac<\/li><li>Membre bienfaiteur 37\u20ac et plus<\/li><\/ul>\n\n\n\n<p>Si nos activit\u00e9s vous int\u00e9ressent et que vous d\u00e9sirez nous rejoindre, alors vous pouvez adh\u00e9rer \u00e0 la Soci\u00e9t\u00e9 Historique en en remplissant le bulletin ci-dessous<\/p>\n\n\n\n<figure class=\"wp-block-image size-large\"><img loading=\"lazy\" decoding=\"async\" width=\"1024\" height=\"682\" src=\"https:\/\/shnpb.fr\/wp-content\/uploads\/2022\/02\/20220101_Cotisation-1024x682.jpg\" alt=\"Bulletin d'adh\u00e9sion 2022\" class=\"wp-image-262\" srcset=\"https:\/\/shnpb.fr\/wp-content\/uploads\/2022\/02\/20220101_Cotisation-1024x682.jpg 1024w, https:\/\/shnpb.fr\/wp-content\/uploads\/2022\/02\/20220101_Cotisation-300x200.jpg 300w, https:\/\/shnpb.fr\/wp-content\/uploads\/2022\/02\/20220101_Cotisation-768x511.jpg 768w, https:\/\/shnpb.fr\/wp-content\/uploads\/2022\/02\/20220101_Cotisation-1536x1023.jpg 1536w, https:\/\/shnpb.fr\/wp-content\/uploads\/2022\/02\/20220101_Cotisation-2048x1364.jpg 2048w, https:\/\/shnpb.fr\/wp-content\/uploads\/2022\/02\/20220101_Cotisation-1200x799.jpg 1200w\" sizes=\"auto, (max-width: 709px) 85vw, (max-width: 909px) 67vw, (max-width: 1362px) 62vw, 840px\" \/><\/figure>\n","protected":false},"excerpt":{"rendered":"<p>Soci\u00e9t\u00e9 Historique de Nogent, le Perreux et Bry-sur-Marne Le si\u00e8ge social est fix\u00e9 22 rue de la Station, 94170 Le Perreux-sur-Marne Immatriculation n\u00b0 IM 094 120001 de la Chambre des &hellip; <a href=\"https:\/\/shnpb.fr\/index.php\/qui-sommes-nous\/\" class=\"more-link\">Continuer la lecture<span class=\"screen-reader-text\"> de &laquo;&nbsp;Qui sommes nous ?&nbsp;&raquo;<\/span><\/a><\/p>\n","protected":false},"author":1,"featured_media":0,"parent":0,"menu_order":10,"comment_status":"closed","ping_status":"closed","template":"","meta":{"footnotes":""},"class_list":["post-91","page","type-page","status-publish","hentry"],"_links":{"self":[{"href":"https:\/\/shnpb.fr\/index.php\/wp-json\/wp\/v2\/pages\/91","targetHints":{"allow":["GET"]}}],"collection":[{"href":"https:\/\/shnpb.fr\/index.php\/wp-json\/wp\/v2\/pages"}],"about":[{"href":"https:\/\/shnpb.fr\/index.php\/wp-json\/wp\/v2\/types\/page"}],"author":[{"embeddable":true,"href":"https:\/\/shnpb.fr\/index.php\/wp-json\/wp\/v2\/users\/1"}],"replies":[{"embeddable":true,"href":"https:\/\/shnpb.fr\/index.php\/wp-json\/wp\/v2\/comments?post=91"}],"version-history":[{"count":20,"href":"https:\/\/shnpb.fr\/index.php\/wp-json\/wp\/v2\/pages\/91\/revisions"}],"predecessor-version":[{"id":389,"href":"https:\/\/shnpb.fr\/index.php\/wp-json\/wp\/v2\/pages\/91\/revisions\/389"}],"wp:attachment":[{"href":"https:\/\/shnpb.fr\/index.php\/wp-json\/wp\/v2\/media?parent=91"}],"curies":[{"name":"wp","href":"https:\/\/api.w.org\/{rel}","templated":true}]}}