{"id":377,"date":"2022-09-01T11:32:22","date_gmt":"2022-09-01T09:32:22","guid":{"rendered":"https:\/\/shnpb.fr\/?page_id=377"},"modified":"2022-09-01T11:50:02","modified_gmt":"2022-09-01T09:50:02","slug":"adherer","status":"publish","type":"page","link":"https:\/\/shnpb.fr\/index.php\/adherer\/","title":{"rendered":"Adh\u00e9rer"},"content":{"rendered":"\n<div class=\"wp-block-group\"><div class=\"wp-block-group__inner-container is-layout-flow wp-block-group-is-layout-flow\">\n<p>Pourquoi nous rejoindre ?<\/p>\n\n\n\n<ul class=\"wp-block-list\"><li>Pour participer \u00e0 la vie de l&rsquo;association, <\/li><li>Assister \u00e0 nos manifestations et visites et b\u00e9n\u00e9ficier de tarifs pr\u00e9f\u00e9rentiels,<\/li><li>Recevoir notre bulletin annuel<\/li><\/ul>\n\n\n\n<p>Nous vous proposons trois types de cotisation, pour une adh\u00e9sion du 1er janvier au 31 d\u00e9cembre :<\/p>\n\n\n\n<ul class=\"wp-block-list\"><li>Membre actif 29\u20ac<\/li><li>Cotisation couple 52\u20ac<\/li><li>Membre bienfaiteur 37\u20ac et plus<\/li><\/ul>\n\n\n\n<p>Si nos activit\u00e9s vous int\u00e9ressent et que vous d\u00e9sirez nous rejoindre, alors vous pouvez adh\u00e9rer \u00e0 la Soci\u00e9t\u00e9 Historique en en remplissant le bulletin ci-dessous<\/p>\n\n\n\n<figure class=\"wp-block-image size-large\"><img loading=\"lazy\" decoding=\"async\" width=\"1024\" height=\"682\" src=\"https:\/\/shnpb.fr\/wp-content\/uploads\/2022\/02\/20220101_Cotisation-1024x682.jpg\" alt=\"Bulletin d'adh\u00e9sion 2022\" class=\"wp-image-262\" srcset=\"https:\/\/shnpb.fr\/wp-content\/uploads\/2022\/02\/20220101_Cotisation-1024x682.jpg 1024w, https:\/\/shnpb.fr\/wp-content\/uploads\/2022\/02\/20220101_Cotisation-300x200.jpg 300w, https:\/\/shnpb.fr\/wp-content\/uploads\/2022\/02\/20220101_Cotisation-768x511.jpg 768w, https:\/\/shnpb.fr\/wp-content\/uploads\/2022\/02\/20220101_Cotisation-1536x1023.jpg 1536w, https:\/\/shnpb.fr\/wp-content\/uploads\/2022\/02\/20220101_Cotisation-2048x1364.jpg 2048w, https:\/\/shnpb.fr\/wp-content\/uploads\/2022\/02\/20220101_Cotisation-1200x799.jpg 1200w\" sizes=\"auto, (max-width: 709px) 85vw, (max-width: 909px) 67vw, (max-width: 1362px) 62vw, 840px\" \/><\/figure>\n<\/div><\/div>\n","protected":false},"excerpt":{"rendered":"","protected":false},"author":1,"featured_media":0,"parent":0,"menu_order":0,"comment_status":"closed","ping_status":"closed","template":"","meta":{"footnotes":""},"class_list":["post-377","page","type-page","status-publish","hentry"],"_links":{"self":[{"href":"https:\/\/shnpb.fr\/index.php\/wp-json\/wp\/v2\/pages\/377","targetHints":{"allow":["GET"]}}],"collection":[{"href":"https:\/\/shnpb.fr\/index.php\/wp-json\/wp\/v2\/pages"}],"about":[{"href":"https:\/\/shnpb.fr\/index.php\/wp-json\/wp\/v2\/types\/page"}],"author":[{"embeddable":true,"href":"https:\/\/shnpb.fr\/index.php\/wp-json\/wp\/v2\/users\/1"}],"replies":[{"embeddable":true,"href":"https:\/\/shnpb.fr\/index.php\/wp-json\/wp\/v2\/comments?post=377"}],"version-history":[{"count":4,"href":"https:\/\/shnpb.fr\/index.php\/wp-json\/wp\/v2\/pages\/377\/revisions"}],"predecessor-version":[{"id":386,"href":"https:\/\/shnpb.fr\/index.php\/wp-json\/wp\/v2\/pages\/377\/revisions\/386"}],"wp:attachment":[{"href":"https:\/\/shnpb.fr\/index.php\/wp-json\/wp\/v2\/media?parent=377"}],"curies":[{"name":"wp","href":"https:\/\/api.w.org\/{rel}","templated":true}]}}