{"id":37,"date":"2020-10-15T09:04:23","date_gmt":"2020-10-15T07:04:23","guid":{"rendered":"https:\/\/shnpb.fr\/?page_id=37"},"modified":"2020-11-20T16:07:02","modified_gmt":"2020-11-20T15:07:02","slug":"liens","status":"publish","type":"page","link":"https:\/\/shnpb.fr\/index.php\/liens\/","title":{"rendered":"Liens"},"content":{"rendered":"\n<p>Quelques sites internet pour d\u00e9couvrir notre patrimoine<\/p>\n\n\n\n<h2 class=\"has-text-align-left wp-block-heading\">Mus\u00e9es \/ Monuments<\/h2>\n\n\n\n<ul class=\"wp-block-list\"><li>Mus\u00e9e intercommunal de Nogent-sur-Marne <a rel=\"noreferrer noopener\" href=\"https:\/\/museenogentsurmarne.net\/\" target=\"_blank\">https:\/\/museenogentsurmarne.net\/<\/a><\/li><li>Mus\u00e9e Adrien Mentienne (Bry) <a rel=\"noreferrer noopener\" href=\"https:\/\/museedebry.fr\/\" target=\"_blank\">https:\/\/museedebry.fr\/<\/a><\/li><li>Mus\u00e9e de la R\u00e9sistance Nationale (Champigny) <a rel=\"noreferrer noopener\" href=\"https:\/\/www.musee-resistance.com\/\" data-type=\"URL\" data-id=\"https:\/\/www.musee-resistance.com\/\" target=\"_blank\">https:\/\/www.musee-resistance.com\/<\/a><\/li><li><\/li><li>Mus\u00e9e de la Grande Guerre (Meaux 77) <a rel=\"noreferrer noopener\" href=\"https:\/\/www.museedelagrandeguerre.eu\/\" target=\"_blank\">https:\/\/www.museedelagrandeguerre.eu\/<\/a><\/li><li>Mus\u00e9e de l&rsquo;Arm\u00e9e (Les Invalides 75) <a rel=\"noreferrer noopener\" href=\"https:\/\/www.musee-armee.fr\/\" target=\"_blank\">https:\/\/www.musee-armee.fr\/<\/a><\/li><li>Mus\u00e9e du Louvre (75) <a rel=\"noreferrer noopener\" href=\"https:\/\/www.louvre.fr\/\" target=\"_blank\">https:\/\/www.louvre.fr\/<\/a><\/li><li>Mus\u00e9e Carnavalet (75) <a href=\"https:\/\/www.carnavalet.paris.fr\/\" target=\"_blank\" rel=\"noreferrer noopener\">https:\/\/www.carnavalet.paris.fr\/<\/a><\/li><li>Ch\u00e2teau de Vincennes <a rel=\"noreferrer noopener\" href=\"http:\/\/www.chateau-de-vincennes.fr\/\" target=\"_blank\">http:\/\/www.chateau-de-vincennes.fr\/<\/a><\/li><li>Domaine de Chantilly (60) <a rel=\"noreferrer noopener\" href=\"https:\/\/domainedechantilly.com\/fr\/\" target=\"_blank\">https:\/\/domainedechantilly.com\/fr\/<\/a><\/li><li>Ch\u00e2teau de Versailles (78) <a rel=\"noreferrer noopener\" href=\"http:\/\/www.chateauversailles.fr\/\" target=\"_blank\">http:\/\/www.chateauversailles.fr\/<\/a><\/li><\/ul>\n\n\n\n<hr class=\"wp-block-separator is-style-wide\"\/>\n\n\n\n<h2 class=\"wp-block-heading\">Soci\u00e9t\u00e9s Historiques<\/h2>\n\n\n\n<ul class=\"wp-block-list\"><li>F\u00e9d\u00e9ration des soci\u00e9t\u00e9s historiques et arch\u00e9ologiques de Paris et \u00cele-de-France <a rel=\"noreferrer noopener\" href=\"http:\/\/www.histoire-paris-idf.org\/\" target=\"_blank\">http:\/\/www.histoire-paris-idf.org\/<\/a><\/li><li>Comit\u00e9 des travaux historiques et scientifiques (Institut rattach\u00e9 \u00e0 l\u2019\u00c9cole nationale des charte) <a rel=\"noreferrer noopener\" href=\"http:\/\/cths.fr\/index.php\" target=\"_blank\">http:\/\/cths.fr\/index.php<\/a><\/li><li>CLIO 94 &#8211; Comit\u00e9 de liaison des soci\u00e9t\u00e9s d&rsquo;histoire, d&rsquo;arch\u00e9ologie et de sauvegarde du Val-de-Marne <a rel=\"noreferrer noopener\" href=\"http:\/\/www.clio94.fr\/\" target=\"_blank\">http:\/\/www.clio94.fr\/<\/a><\/li><li>Association Fran\u00e7ois-Xavier Donzelot (Neuilly-sur-Marne) <a rel=\"noreferrer noopener\" href=\"http:\/\/www.afxd-donzelot.fr\/\" target=\"_blank\">http:\/\/www.afxd-donzelot.fr\/<\/a><\/li><li>Les amis de Vincennes <a href=\"https:\/\/www.amisdevincennes.org\/\" target=\"_blank\" rel=\"noreferrer noopener\">https:\/\/www.amisdevincennes.org\/<\/a><\/li><\/ul>\n\n\n\n<hr class=\"wp-block-separator is-style-wide\"\/>\n\n\n\n<h2 class=\"wp-block-heading\">Archives<\/h2>\n\n\n\n<ul class=\"wp-block-list\"><li>Archives nationales <a rel=\"noreferrer noopener\" href=\"http:\/\/www.archives-nationales.culture.gouv.fr\/\" target=\"_blank\">http:\/\/www.archives-nationales.culture.gouv.fr\/<\/a><\/li><li>Archives nationales d&rsquo;outre-mer <a rel=\"noreferrer noopener\" href=\"http:\/\/anom.archivesnationales.culture.gouv.fr\/\" target=\"_blank\">http:\/\/anom.archivesnationales.culture.gouv.fr\/<\/a><\/li><li>Archives d\u00e9partementales du Val-de-Marne <a rel=\"noreferrer noopener\" href=\"http:\/\/archives.valdemarne.fr\/\" target=\"_blank\">http:\/\/archives.valdemarne.fr\/<\/a><\/li><li>Archives d\u00e9partementales de Paris <a rel=\"noreferrer noopener\" href=\"http:\/\/archives.paris.fr\/\" target=\"_blank\">http:\/\/archives.paris.fr\/<\/a><\/li><li>{BnF &#8211; Gallica <a href=\"https:\/\/gallica.bnf.fr\/\" target=\"_blank\" rel=\"noreferrer noopener\">https:\/\/gallica.bnf.fr\/<\/a><\/li><li>Service historique de la D\u00e9fense (Vincennes et autres sites) <a rel=\"noreferrer noopener\" href=\"https:\/\/www.servicehistorique.sga.defense.gouv.fr\/\" target=\"_blank\">https:\/\/www.servicehistorique.sga.defense.gouv.fr\/<\/a><\/li><\/ul>\n\n\n\n<hr class=\"wp-block-separator is-style-wide\"\/>\n","protected":false},"excerpt":{"rendered":"<p>Quelques sites internet pour d\u00e9couvrir notre patrimoine Mus\u00e9es \/ Monuments Mus\u00e9e intercommunal de Nogent-sur-Marne https:\/\/museenogentsurmarne.net\/ Mus\u00e9e Adrien Mentienne (Bry) https:\/\/museedebry.fr\/ Mus\u00e9e de la R\u00e9sistance Nationale (Champigny) https:\/\/www.musee-resistance.com\/ Mus\u00e9e de la &hellip; <a href=\"https:\/\/shnpb.fr\/index.php\/liens\/\" class=\"more-link\">Continuer la lecture<span class=\"screen-reader-text\"> de &laquo;&nbsp;Liens&nbsp;&raquo;<\/span><\/a><\/p>\n","protected":false},"author":1,"featured_media":0,"parent":0,"menu_order":30,"comment_status":"closed","ping_status":"closed","template":"","meta":{"footnotes":""},"class_list":["post-37","page","type-page","status-publish","hentry"],"_links":{"self":[{"href":"https:\/\/shnpb.fr\/index.php\/wp-json\/wp\/v2\/pages\/37","targetHints":{"allow":["GET"]}}],"collection":[{"href":"https:\/\/shnpb.fr\/index.php\/wp-json\/wp\/v2\/pages"}],"about":[{"href":"https:\/\/shnpb.fr\/index.php\/wp-json\/wp\/v2\/types\/page"}],"author":[{"embeddable":true,"href":"https:\/\/shnpb.fr\/index.php\/wp-json\/wp\/v2\/users\/1"}],"replies":[{"embeddable":true,"href":"https:\/\/shnpb.fr\/index.php\/wp-json\/wp\/v2\/comments?post=37"}],"version-history":[{"count":8,"href":"https:\/\/shnpb.fr\/index.php\/wp-json\/wp\/v2\/pages\/37\/revisions"}],"predecessor-version":[{"id":186,"href":"https:\/\/shnpb.fr\/index.php\/wp-json\/wp\/v2\/pages\/37\/revisions\/186"}],"wp:attachment":[{"href":"https:\/\/shnpb.fr\/index.php\/wp-json\/wp\/v2\/media?parent=37"}],"curies":[{"name":"wp","href":"https:\/\/api.w.org\/{rel}","templated":true}]}}