{"id":118,"date":"2020-10-30T15:45:31","date_gmt":"2020-10-30T14:45:31","guid":{"rendered":"https:\/\/shnpb.fr\/?page_id=118"},"modified":"2020-10-30T16:01:01","modified_gmt":"2020-10-30T15:01:01","slug":"historique_de_la_sh","status":"publish","type":"page","link":"https:\/\/shnpb.fr\/index.php\/historique_de_la_sh\/","title":{"rendered":"Historique"},"content":{"rendered":"\n<p class=\"has-text-align-center\">Le 10 octobre 1949, naissait la <\/p>\n\n\n\n<p class=\"has-text-align-center\"><strong>Soci\u00e9t\u00e9 Historique et Arch\u00e9ologique de Nogent-sur-Marne et du canton de Nogent<\/strong><\/p>\n\n\n\n<p class=\"has-text-align-center\">Par d\u00e9claration du 4 f\u00e9vrier 1992, celle ci est devenue la <\/p>\n\n\n\n<p class=\"has-text-align-center\"><strong>Soci\u00e9t\u00e9 Historique de Nogent, le Perreux et Bry-sur-Marne<\/strong><\/p>\n\n\n\n<hr class=\"wp-block-separator is-style-default\"\/>\n\n\n\n<p><strong>Anciens pr\u00e9sidents :<\/strong><\/p>\n\n\n\n<figure class=\"wp-block-table\"><table><tbody><tr><td>1949-1968<\/td><td>Mme Suzanne VIDAL, fondatrice<\/td><\/tr><tr><td>1968-1971<\/td><td>MM Louis VEL-DURAND<\/td><\/tr><tr><td>1971-1976<\/td><td>M. Henri POUP\u00c9E<\/td><\/tr><tr><td>1977-1991<\/td><td>M. Jean CABOTTE<\/td><\/tr><tr><td>1992-2008<\/td><td>Mme Yvette CAYROL<\/td><\/tr><\/tbody><\/table><\/figure>\n\n\n\n<hr class=\"wp-block-separator is-style-wide\"\/>\n\n\n\n<h2 class=\"has-huge-font-size wp-block-heading\">Premier article<\/h2>\n\n\n\n<p>Paru dans le bulletin n\u00b01 tome 1 de 1950<\/p>\n\n\n\n<h2 class=\"has-text-align-center wp-block-heading\">La soci\u00e9t\u00e9 historique et arch\u00e9ologique<br>de Nogent-sur-Marne et du Canton de Nogent<\/h2>\n\n\n\n<hr class=\"wp-block-separator\"\/>\n\n\n\n<h3 class=\"has-text-align-center wp-block-heading\">Son but &#8211; Ses activit\u00e9s<\/h3>\n\n\n\n<hr class=\"wp-block-separator\"\/>\n\n\n\n<p>Le 10 octobre 1949, un certain nombre de personnes d\u00e9sireuses de s&rsquo;occuper d&rsquo;Histoire locale se r\u00e9unissaient \u00e0 la Mairie, dans la Salle des Commissions, et exprimaient \u00e0 l&rsquo;unanimit\u00e9 leur souhait de constituer une Soci\u00e9t\u00e9 Historique et Arch\u00e9ologique de Nogent-sur-Marne et du canton de Nogent, ind\u00e9pendante de tout autre groupement.<\/p>\n\n\n\n<p>Les buts propos\u00e9s \u00e9taient, par des conf\u00e9rences, visites, excursions, de propager la connaissance de l&rsquo;Histoire locale en favorisant la recherche et la mise en valeur de tous les documents s&rsquo;y rapportant, de contribuer \u00e0 la conservation des souvenirs et usages locaux, de concourir \u00e0 la cr\u00e9ation de collections documentaires sur les communes du canton de Nogent.<\/p>\n\n\n\n<p>Les quinze personnes rassembl\u00e9es ce jour-l\u00e0 sont maintenant au nombre de soixante-dix et Ia Soci\u00e9t\u00e9 est subventionn\u00e9e par les municipalit\u00e9s de Nogent-sur-Marne, le Perreux-sur-Marne et de Bry-sur-Marne (ce dont nous leur sommes grandement reconnaissants).<\/p>\n\n\n\n<p>Un Bureau provisoire a \u00e9t\u00e9 constitu\u00e9 comprenant :<\/p>\n\n\n\n<ul class=\"wp-block-list\"><li>Pr\u00e9sidente : Mme VIDAL<\/li><li>Vice-pr\u00e9sidents : Mrs FRAPIER &amp; HUCHERY<\/li><li>Tr\u00e9sorier : Mr VEL-DURAND<\/li><li>Secr\u00e9taire : Mr CABOTTE<\/li><li>Archiviste : Mr  NAUDET<\/li><li>Membres : Mrs HUET lucien &#8211; ZOBEL &#8211; MANGEOT Lucien.<\/li><\/ul>\n\n\n\n<p>Apr\u00e8s les formalit\u00e9s de constitution r\u00e9guli\u00e8re, l'\u00a0\u00bbActe de naissance\u00a0\u00bb de Ia Soci\u00e9t\u00e9 est paru au J.O. du 6 novembre 1949.<\/p>\n\n\n\n<p>L&rsquo;Assembl\u00e9e g\u00e9n\u00e9rale a \u00e9t\u00e9 fix\u00e9e au dernier trimestre de chaque ann\u00e9e.<\/p>\n\n\n\n<p>MM. les Maires de Nogent-sur-Marne et de Bry-sur-Marne ont accept\u00e9 d&rsquo;\u00eatre nomm\u00e9s Membres d&rsquo;honneur.<\/p>\n\n\n\n<p>Depuis cette date, nos activit\u00e9s se sont manifest\u00e9es normalement en 1949-1950. C&rsquo;est ainsi que : le 14 novembre, M. Vel-Durand, Tr\u00e9sorier, nous familiarisait avec Mme de Beauharnais, \u00e0 Champigny, pendant la Terreur.<\/p>\n\n\n\n<p>Le 15 d\u00e9cembre, nous visitions le Cabinet des M\u00e9dailles, sous la conduite d&rsquo;une rare \u00e9rudition de M. Lafaurie, Attach\u00e9 \u00e0 la Biblioth\u00e8que Nationale, Membre.<\/p>\n\n\n\n<p>Le 9 janvier, M. Naudet, Archiviste, parlait du cur\u00e9 de Nogent pendant la R\u00e9volution, d&rsquo;apr\u00e8s le manuscrit in\u00e9dit de l&rsquo;Abb\u00e9 Carr\u00e9.<\/p>\n\n\n\n<p>Le 13 f\u00e9vrier, M. Pouvereau, Pr\u00e9sident du Vieux Saint-Maur et Membre de notre Soci\u00e9t\u00e9, pr\u00e9sentait Lut\u00e8ce et la r\u00e9gion Est de Paris, il y a 2.000 ans !<\/p>\n\n\n\n<p>Le 13 mars, M. Mangeot Lucien, Membre du Bureau, nous ayant expos\u00e9 la naissance et la vie des Compagnons d&rsquo;Arc, la plus ancienne soci\u00e9t\u00e9 sportive nogentaise, et plusieurs assistants ayant exprim\u00e9 le d\u00e9sir de se renseigner davantage, nous avons parcouru les Jeux d&rsquo;Arc et d&rsquo;Arbal\u00e8te, le 11 juin 1950, visite accompagn\u00e9e de d\u00e9monstrations et d&rsquo;explications claires et pr\u00e9cises.<\/p>\n\n\n\n<p>Le 13 mars, nous comm\u00e9morions aussi, en un entretien agr\u00e9able de M. Vel-Durand, le V<sup>e<\/sup> centenaire de la mort d&rsquo;Agn\u00e8s Sorel.<\/p>\n\n\n\n<p>Le 16 avril, la Soci\u00e9t\u00e9 de Nogent s&rsquo;unissait \u00e0 celles de Saint-Maur et de Villiers pour demander \u00e0 M. A. Hurtret, Conservateur, d&rsquo;\u00e9voquer \u00e0 nouveau, pour nous, au Ch\u00e2teau de Vincennes, sept si\u00e8cles d&rsquo;histoire et de nous parler de la r\u00e9surrection du Palais de Charles V et de Louis XIV.<\/p>\n\n\n\n<p>Le 8 mai, une causerie de Mme Vidal nous ramenait \u00e0 \u00ab\u00a0Une page tragique de l&rsquo;Histoire nogentaise, le 14 mai 1912\u00a0\u00bb.<\/p>\n\n\n\n<p>Enfin nous cl\u00f4turions l&rsquo;ann\u00e9e le 3 juillet, par une \u00e9tude curieuse et approfondie de l&rsquo;\u00e9glise de Nogent, des modalit\u00e9s de sa construction, de l&rsquo;\u00e2ge de ses diff\u00e9rentes parties, r\u00e9alis\u00e9e par M. Anger.<\/p>\n\n\n\n<hr class=\"wp-block-separator\"\/>\n","protected":false},"excerpt":{"rendered":"<p>Le 10 octobre 1949, naissait la Soci\u00e9t\u00e9 Historique et Arch\u00e9ologique de Nogent-sur-Marne et du canton de Nogent Par d\u00e9claration du 4 f\u00e9vrier 1992, celle ci est devenue la Soci\u00e9t\u00e9 Historique &hellip; <a href=\"https:\/\/shnpb.fr\/index.php\/historique_de_la_sh\/\" class=\"more-link\">Continuer la lecture<span class=\"screen-reader-text\"> de &laquo;&nbsp;Historique&nbsp;&raquo;<\/span><\/a><\/p>\n","protected":false},"author":1,"featured_media":0,"parent":0,"menu_order":11,"comment_status":"closed","ping_status":"closed","template":"","meta":{"footnotes":""},"class_list":["post-118","page","type-page","status-publish","hentry"],"_links":{"self":[{"href":"https:\/\/shnpb.fr\/index.php\/wp-json\/wp\/v2\/pages\/118","targetHints":{"allow":["GET"]}}],"collection":[{"href":"https:\/\/shnpb.fr\/index.php\/wp-json\/wp\/v2\/pages"}],"about":[{"href":"https:\/\/shnpb.fr\/index.php\/wp-json\/wp\/v2\/types\/page"}],"author":[{"embeddable":true,"href":"https:\/\/shnpb.fr\/index.php\/wp-json\/wp\/v2\/users\/1"}],"replies":[{"embeddable":true,"href":"https:\/\/shnpb.fr\/index.php\/wp-json\/wp\/v2\/comments?post=118"}],"version-history":[{"count":3,"href":"https:\/\/shnpb.fr\/index.php\/wp-json\/wp\/v2\/pages\/118\/revisions"}],"predecessor-version":[{"id":123,"href":"https:\/\/shnpb.fr\/index.php\/wp-json\/wp\/v2\/pages\/118\/revisions\/123"}],"wp:attachment":[{"href":"https:\/\/shnpb.fr\/index.php\/wp-json\/wp\/v2\/media?parent=118"}],"curies":[{"name":"wp","href":"https:\/\/api.w.org\/{rel}","templated":true}]}}